{"id":15745,"date":"2016-12-12T10:47:10","date_gmt":"2016-12-12T09:47:10","guid":{"rendered":"http:\/\/www.farmaciaceccarelli.com\/benessere\/regali-2\/"},"modified":"2017-01-12T16:42:25","modified_gmt":"2017-01-12T15:42:25","slug":"fidelity-card","status":"publish","type":"page","link":"http:\/\/www.farmaciaceccarelli.com\/benessere\/fidelity-card\/","title":{"rendered":"Fidelity Card"},"content":{"rendered":"<p>[vc_row el_class=&#8221;fcnopaddingblock&#8221;][vc_column width=&#8221;1\/2&#8243;][vc_column_text]Una nuova formula studiata dalla Farmacia Ceccarelli permette a tutti i clienti di fare acquisti e di accumulare punti giorno per giorno, ad ogni spesa effettuata; punti fedelt\u00e0 che si trasformeranno in sconti, ovvero in buoni acquisto da usufruire sui prodotti e servizi. La Farmacia Ceccarelli \u00e8 sempre alla ricerca di nuove iniziative che possano dare beneficio alle persone e di offrire nuovi servizi alla propria clientela.<\/p>\n<p>La Fidelity Card \u00e8 una tessera che permette di accumulare punti ad ogni acquisto nella Farmacia. I punti maturati possono essere convertiti in buoni sconto a partire dall&#8217;acquisto successivo. Il buono sconto potr\u00e0 essere speso su prodotti a scelta del cliente, con esclusione di prodotti gi\u00e0 scontati ed oggetto di promozione, dei farmaci con obbligo di ricetta medica e dei ticket su ricette mutualistiche. I punti accumulati nella fidelity card o il loro valore hanno invece durata limitata nel tempo e possono essere modificati. In farmacia \u00e8 possibile trovare comunicazione della scadenza dei punti o di eventuali modifiche nel loro valore.<\/p>\n<p>La fidelity card significa vantaggi economici ma anche professionalit\u00e0 e atmosfera accogliente. E \u00e8 uno strumento utile per conoscere i prodotti di altissima qualit\u00e0 proposti dalla Farmacia. La Farmacia Ceccarelli, attiva sul territorio da oltre 25 anni, \u00e8 il punto di riferimento per tutti coloro che desiderano prendersi cura della propria salute e del proprio benessere.[\/vc_column_text][vc_btn title=&#8221;Controlla adesso i tuoi punti online&#8221; style=&#8221;custom&#8221; custom_background=&#8221;#009eb7&#8243; custom_text=&#8221;#ffffff&#8221; size=&#8221;lg&#8221; link=&#8221;url:http%3A%2F%2Fsrv1.cubapp.com%2Fcustomer_portal%2Ffarmaciaceccarellicp|title:Controlla%20adesso%20i%20tuoi%20punti%20online||&#8221;][vc_empty_space height=&#8221;89px&#8221;][\/vc_column][vc_column width=&#8221;1\/2&#8243; el_class=&#8221;fidelityback&#8221;][vc_column_text]<\/p>\n<p style=\"text-align: right;\"><span style=\"color: #777777;\"><em>Sapevi che la Fidelity Card pu\u00f2 diventare un raffinato regalo per le persone che ami?<\/em><\/span><\/p>\n<p>[\/vc_column_text][vc_single_image image=&#8221;15161&#8243; img_size=&#8221;full&#8221; alignment=&#8221;center&#8221;][\/vc_column][\/vc_row][vc_row full_width_row=&#8221;true&#8221; el_class=&#8221;fcmaprow&#8221;][vc_column][vc_gmaps link=&#8221;#E-8_JTNDaWZyYW1lJTIwc3JjJTNEJTIyaHR0cHMlM0ElMkYlMkZ3d3cuZ29vZ2xlLmNvbSUyRm1hcHMlMkZlbWJlZCUzRnBiJTNEJTIxMW0xOCUyMTFtMTIlMjExbTMlMjExZDI5NjguMjQzNTgxODE2MzgzNSUyMTJkMTIuNTY0ODE2MTE2MTcwNTE1JTIxM2Q0MS45MzA2MTY5NzkyMTgxNCUyMTJtMyUyMTFmMCUyMTJmMCUyMTNmMCUyMTNtMiUyMTFpMTAyNCUyMTJpNzY4JTIxNGYxMy4xJTIxM20zJTIxM20yJTIxMXNpdCUyMTJzaXQlMjE0djE0ODExMjYwMzI4NjUlMjIlMjB3aWR0aCUzRCUyMjYwMCUyMiUyMGhlaWdodCUzRCUyMjQ1MCUyMiUyMGZyYW1lYm9yZGVyJTNEJTIyMCUyMiUyMHN0eWxlJTNEJTIyYm9yZGVyJTNBMCUyMiUyMGFsbG93ZnVsbHNjcmVlbiUzRSUzQyUyRmlmcmFtZSUzRQ==&#8221; size=&#8221;100%&#8221;][\/vc_column][\/vc_row][vc_row][vc_column][vc_message message_box_style=&#8221;solid&#8221; style=&#8221;square&#8221; message_box_color=&#8221;white&#8221; el_class=&#8221;contactfcbox&#8221;]<\/p>\n<h2>Contatti<\/h2>\n<p><i class=\"fa fa-map-marker\"><\/i>Via BartoloLongo7<\/p>\n<p><i class=\"fa fa-phone-square\"><\/i>064112728<\/p>\n<p><i class=\"fa fa-whatsapp\"><\/i>3928554000<\/p>\n<p><i class=\"fa fa-envelope\"><\/i>info@farmaciaceccarelli.com[\/vc_message][vc_message message_box_style=&#8221;solid&#8221; style=&#8221;square&#8221; message_box_color=&#8221;white&#8221; el_class=&#8221;metafcbox&#8221;]<\/p>\n<h2>Orari<\/h2>\n<p><i class=\"fa fa-map-marker\"><\/i>Lunedi-Venerdi, 7:00 &#8211; 20:00<br \/>\nSabato, 8:00 &#8211; 20:00[\/vc_message][\/vc_column][\/vc_row]<\/p>\n","protected":false},"excerpt":{"rendered":"<p>[vc_row el_class=&#8221;fcnopaddingblock&#8221;][vc_column width=&#8221;1\/2&#8243;][vc_column_text]Una nuova formula studiata dalla Farmacia Ceccarelli permette a tutti i clienti di fare acquisti e di accumulare punti giorno per giorno, ad ogni spesa effettuata; punti fedelt\u00e0 che si trasformeranno in sconti, ovvero in buoni acquisto da usufruire sui prodotti e servizi. La Farmacia Ceccarelli \u00e8 sempre alla ricerca di nuove iniziative che possano dare beneficio alle persone e di offrire nuovi servizi alla propria clientela. La Fidelity Card \u00e8 una tessera che permette di accumulare punti&hellip;<\/p>\n","protected":false},"author":1,"featured_media":0,"parent":0,"menu_order":2,"comment_status":"closed","ping_status":"closed","template":"","meta":[],"_links":{"self":[{"href":"http:\/\/www.farmaciaceccarelli.com\/benessere\/wp-json\/wp\/v2\/pages\/15745"}],"collection":[{"href":"http:\/\/www.farmaciaceccarelli.com\/benessere\/wp-json\/wp\/v2\/pages"}],"about":[{"href":"http:\/\/www.farmaciaceccarelli.com\/benessere\/wp-json\/wp\/v2\/types\/page"}],"author":[{"embeddable":true,"href":"http:\/\/www.farmaciaceccarelli.com\/benessere\/wp-json\/wp\/v2\/users\/1"}],"replies":[{"embeddable":true,"href":"http:\/\/www.farmaciaceccarelli.com\/benessere\/wp-json\/wp\/v2\/comments?post=15745"}],"version-history":[{"count":22,"href":"http:\/\/www.farmaciaceccarelli.com\/benessere\/wp-json\/wp\/v2\/pages\/15745\/revisions"}],"predecessor-version":[{"id":16170,"href":"http:\/\/www.farmaciaceccarelli.com\/benessere\/wp-json\/wp\/v2\/pages\/15745\/revisions\/16170"}],"wp:attachment":[{"href":"http:\/\/www.farmaciaceccarelli.com\/benessere\/wp-json\/wp\/v2\/media?parent=15745"}],"curies":[{"name":"wp","href":"https:\/\/api.w.org\/{rel}","templated":true}]}}