{"id":14817,"date":"2016-12-12T10:47:10","date_gmt":"2016-12-12T09:47:10","guid":{"rendered":"http:\/\/www.farmaciaceccarelli.com\/salute\/?page_id=14817"},"modified":"2017-02-04T11:15:09","modified_gmt":"2017-02-04T10:15:09","slug":"prodotti-trattati","status":"publish","type":"page","link":"http:\/\/www.farmaciaceccarelli.com\/salute\/prodotti-trattati\/","title":{"rendered":"Prodotti Trattati"},"content":{"rendered":"<p>[vc_row el_class=&#8221;fcnopaddingblock&#8221;][vc_column][vc_column_text]I rimedi utilizzati oggi per ripristinare mantenere e conservare lo stato di salute e di benessere sono svariatissimi.<\/p>\n<p>Questo perch\u00e9, oltre alla diversit\u00e0 di disturbi e al differente approccio che ognuno di noi ha con essi, esistono numerose teorie farmacologiche, alle quali ognuno sceglie di approcciare per i motivi pi\u00f9 disparati: abitudini, cultura, educazione, ideologie, nazionalit\u00e0, razza, ecc.<\/p>\n<p>Noi accogliamo con piacere ogni tipo di richiesta e desideriamo soddisfare ogni esigenza. Avendo contatti con aziende dislocate in tutto il mondo, abbiamo la possibilit\u00e0 di reperire nel pi\u00f9 breve tempo possibile tutto che \u00e8 presente sul mercato inerente salute e benessere.<\/p>\n<p>[\/vc_column_text][\/vc_column][\/vc_row][vc_row el_class=&#8221;fcnopaddingblock&#8221;][vc_column width=&#8221;1\/3&#8243; el_class=&#8221;fcblockprodotto&#8221;][vc_column_text]FARMACI ETICI, OTC e SOP<\/p>\n<p><img loading=\"lazy\" class=\"size-full wp-image-15170 alignnone\" src=\"http:\/\/www.farmaciaceccarelli.com\/salute\/wp-content\/uploads\/sites\/3\/2016\/12\/farmaci_etici.jpg\" alt=\"farmaci_etici\" width=\"310\" height=\"176\" srcset=\"http:\/\/www.farmaciaceccarelli.com\/salute\/wp-content\/uploads\/sites\/3\/2016\/12\/farmaci_etici.jpg 310w, http:\/\/www.farmaciaceccarelli.com\/salute\/wp-content\/uploads\/sites\/3\/2016\/12\/farmaci_etici-300x170.jpg 300w\" sizes=\"(max-width: 310px) 100vw, 310px\" \/><\/p>\n<p>Abbiamo la massima disponibilit\u00e0 di farmaci ed inoltre, avendo contatti diretti per forniture immediate da tutte le parti d&#8217;Italia, siamo in grado di reperire nel minor tempo possibile tutti quei prodotti scarsamente disponibili in commercio.<br \/>\nInoltre abbiamo la possibilit\u00e0 di reperire in breve tempo farmaci non registrati in Italia (farmacia Vaticana e farmacia Merloni &#8211; Svizzera) per qualsiasi richiesta \u00e8 a vostra disposizione Gianluigi, il nostro responsabile degli acquisti.[\/vc_column_text][\/vc_column][vc_column width=&#8221;1\/3&#8243; el_class=&#8221;fcblockprodotto&#8221;][vc_column_text]PREPARAZIONI GALENICHE<\/p>\n<p><img loading=\"lazy\" class=\"size-full wp-image-15174 alignnone\" src=\"http:\/\/www.farmaciaceccarelli.com\/salute\/wp-content\/uploads\/sites\/3\/2016\/12\/preparazione.jpg\" alt=\"preparazione\" width=\"310\" height=\"176\" srcset=\"http:\/\/www.farmaciaceccarelli.com\/salute\/wp-content\/uploads\/sites\/3\/2016\/12\/preparazione.jpg 310w, http:\/\/www.farmaciaceccarelli.com\/salute\/wp-content\/uploads\/sites\/3\/2016\/12\/preparazione-300x170.jpg 300w\" sizes=\"(max-width: 310px) 100vw, 310px\" \/><\/p>\n<p><strong>Il nostro laboratorio galenico<\/strong>\u00a0\u00e8 piccolo ma efficiente, ed effettuiamo, su ricetta del medico, qualsiasi tipo di <strong>preparazione galenica<\/strong>, per informazioni e richieste \u00e8 a vostra disposizione la dott.ssa Chiara Ceci, responsabile del reparto galenico.[\/vc_column_text][\/vc_column][vc_column width=&#8221;1\/3&#8243; el_class=&#8221;fcblockprodotto&#8221;][vc_column_text]OMEOPATICI &#8211; AYURVEDICI<\/p>\n<p><img loading=\"lazy\" class=\"size-full wp-image-15175 alignnone\" src=\"http:\/\/www.farmaciaceccarelli.com\/salute\/wp-content\/uploads\/sites\/3\/2016\/12\/omeopatici2.jpg\" alt=\"omeopatici2\" width=\"309\" height=\"176\" srcset=\"http:\/\/www.farmaciaceccarelli.com\/salute\/wp-content\/uploads\/sites\/3\/2016\/12\/omeopatici2.jpg 309w, http:\/\/www.farmaciaceccarelli.com\/salute\/wp-content\/uploads\/sites\/3\/2016\/12\/omeopatici2-300x171.jpg 300w\" sizes=\"(max-width: 309px) 100vw, 309px\" \/><\/p>\n<p>I rimedi della <b>medicina alternativa<\/b> sono svariatissimi e sempre pi\u00f9 richiesti. Siamo ben lieti di soddisfare tutte le nuove esigenze, per questo, oltre a trattare una vasta gamma di marchi e di prodotti, abbiamo contatti con aziende dislocate in ogni parte del mondo per reperire nel minor tempo possibile ogni farmaco da voi richiesto. Responsabile del reparto \u00e8 la dottoressa Paola, rivolgetevi a lei per qualsiasi informazione.[\/vc_column_text][\/vc_column][\/vc_row][vc_row el_class=&#8221;fcnopaddingblock&#8221;][vc_column width=&#8221;1\/3&#8243; el_class=&#8221;fcblockprodotto&#8221;][vc_column_text]PRODOTTI FITOTERAPICI<\/p>\n<p><img loading=\"lazy\" class=\"size-full wp-image-15170 alignnone\" src=\"http:\/\/www.farmaciaceccarelli.com\/salute\/wp-content\/uploads\/sites\/3\/2016\/12\/prodotti-fisioterapici.jpg\" alt=\"prodotti-fisioterapici\" width=\"310\" height=\"176\" \/><\/p>\n<p><strong>La fitoterapia,<\/strong> come <strong>l&#8217;omeopatia<\/strong>, in virt\u00f9 della <strong>maggiore tranquillit\u00e0 nell&#8217;uso<\/strong> e per la <strong>minore comparsa di effetti collaterali e tossicit\u00e0<\/strong>, \u00e8 oggi molto impiegata. Noi trattiamo <strong>svariati farmaci fitoterapici.<\/strong><br \/>\nLa ditta pi\u00f9 importante trattata \u00e8 <strong>l&#8217;aboca<\/strong>, ditta ormai affermata da tanti anni, che tratta il <strong>farmaco fitoterapico<\/strong> dalla <strong>raccolta della pianta al confezionamento finale.<\/strong> Per qualsiasi informazione, richiesta o consiglio \u00e8 a vostra disposizione la dott.ssa Paola Lancia, responsabile del settore omeopatico\/ fitoterapico.[\/vc_column_text][\/vc_column][vc_column width=&#8221;1\/3&#8243; el_class=&#8221;fcblockprodotto&#8221;][vc_column_text]VETERINARI<\/p>\n<p><img loading=\"lazy\" class=\"size-full wp-image-15174 alignnone\" src=\"http:\/\/www.farmaciaceccarelli.com\/salute\/wp-content\/uploads\/sites\/3\/2016\/12\/preparazioni-galeniche.jpg\" alt=\"veterinari\" width=\"310\" height=\"176\" \/><\/p>\n<p>Il reparto <strong>veterinario<\/strong> \u00e8 da noi molto <strong>curato e sviluppato<\/strong>, in quanto consideriamo i nostri &#8220;piccoli amici&#8221; come facenti parte delle nostre famiglie .<br \/>\nDedichiamo loro lo stesso <strong>impegno e la stessa dedizione<\/strong> che dedicheremmo ad un essere umano. Per qualsiasi richiesta, informazione o consiglio \u00e8 a vostra disposizione la dott.ssa Eleonora, responsabile del settore veterinario.[\/vc_column_text][\/vc_column][vc_column width=&#8221;1\/3&#8243; el_class=&#8221;fcblockprodotto&#8221;][vc_column_text]SANITARI &#8211; ELETTROMEDICINALI<\/p>\n<p><img loading=\"lazy\" class=\"size-full wp-image-15175 alignnone\" src=\"http:\/\/www.farmaciaceccarelli.com\/salute\/wp-content\/uploads\/sites\/3\/2016\/12\/sanitari.jpg\" alt=\"sanitari\" width=\"309\" height=\"176\" \/><\/p>\n<p>Da noi troverete tutto il necessario per rendere la vita pi\u00f9 semplice quando l&#8217;et\u00e0 o le difficolt\u00e0 la rendono pi\u00f9 complicata. <strong>Tutori, carrozzine, ausili sanitari, apparecchi<\/strong>diagnostici domiciliari e tanti altri piccoli o grandi aiuti per <strong>superare le difficolt\u00e0<\/strong>giornaliere. Inoltre disponiamo di un <strong>settore dedicato<\/strong> allo <strong>sport<\/strong> ed alla <strong>salute: integratori<\/strong>, barrette, alimenti e bevande che possono dare un valido aiuto nell&#8217;attivit\u00e0 fisica, con particolare attenzione alla vostra salute.<br \/>\nPer qualsiasi richiesta o consiglio \u00e8 a vs. disposizione la dott.ssa Mariagrazia Ceccarelli.[\/vc_column_text][\/vc_column][\/vc_row][vc_row el_class=&#8221;fcnopaddingblock&#8221;][vc_column width=&#8221;1\/3&#8243; el_class=&#8221;fcblockprodotto&#8221;][vc_column_text]PRODOTTI PER L&#8217;INFANZIA<\/p>\n<p><img loading=\"lazy\" class=\"size-full wp-image-15170 alignnone\" src=\"http:\/\/www.farmaciaceccarelli.com\/salute\/wp-content\/uploads\/sites\/3\/2016\/12\/prodotti-infanzia.jpg\" alt=\"prodotti-infanzia\" width=\"310\" height=\"176\" \/><\/p>\n<p>Disponiamo di tutto ci\u00f2 di cui voi e il vostro bambino avete bisogno da quando \u00e8 <strong>nella pancia<\/strong> a quando <strong>nasce, cresce, gattona, gioca e mangia.<\/strong> Uno spazio dedicato dove scegliere e chiedere consiglio. Ci impegnIamo a fare tutto il possibile per <strong>offrirvi il prodotto<\/strong> pi\u00f9 <strong>adatto e sicuro per voi e per il vostro bambino.<\/strong> Cercate nel sito o mandate una email per conoscere le nostre offerte su mamma e bimbo.<br \/>\nPer qualsiasi informazione, richiesta o consiglio \u00e8 a vostra disposizione la Dott.ssa Mariagrazia Ceccarelli, responsabile del reparto mamma\/bimbo.[\/vc_column_text][\/vc_column][vc_column width=&#8221;1\/3&#8243; el_class=&#8221;fcblockprodotto&#8221;][vc_column_text]ALIMENTI ALTERNATIVI<\/p>\n<p><img loading=\"lazy\" class=\"size-full wp-image-15174 alignnone\" src=\"http:\/\/www.farmaciaceccarelli.com\/salute\/wp-content\/uploads\/sites\/3\/2016\/12\/alimenti.jpg\" alt=\"alimenti\" width=\"310\" height=\"176\" \/><\/p>\n<p>Oggi il problema dei <b>disturbi alimentari<\/b> \u00e8 purtroppo sempre pi\u00f9 frequente. Noi cerchiamo per quanto possibile di facilitare le persone affette da questi disturbi offrendo loro una vasta gamma di alimenti specifici, anche pronti:<br \/>\n&#8211; Alimenti per <b>diabetici<\/b> ed <b>ipercolesterolemici<\/b>: pane, pasta, biscotti, ecc. &#8211; Alimenti per <b>intolleranze alimentar<\/b>i:farine, pasta, biscotti, ecc privi dell&#8217;alimento che provoca l&#8217;intolleranza. &#8211; Alimenti senza glutine per <b>celiaci<\/b>: farine, pasta, biscotti, dolci, bevande, alimenti pronti da cuocere (cose dell&#8217;altro pane), alimenti surgelati pronti (ds , nutrifree , pandea , ecc.) &#8211; Alimenti aproteici per pazienti con <b>insufficienza renale<\/b> : farine, pane, pasta, biscotti, ecc. &#8211; Alimenti per sportivi: pane, pasta, biscotti, bevande , barrette e tante miscele iperproteiche, anche sotto forma di preparato galenico, su richiesta del medico. &#8211; Alimenti per <b>obesit\u00e0 e magrezze<\/b>: una seria di alimenti specifici come pane, pasta, biscotti e miscele per diete ipo o ipercaloriche. Per qualsiasi informazione, richiesta o consiglio \u00e8 a vostra disposizione la Dott.ssa Maria Cecilia Parisi, responsabile del settore disturbi alimentari.[\/vc_column_text][\/vc_column][vc_column width=&#8221;1\/3&#8243; el_class=&#8221;fcblockprodotto&#8221;][vc_column_text]DERMOCOSMESI<\/p>\n<p><img loading=\"lazy\" class=\"size-full wp-image-15175 alignnone\" src=\"http:\/\/www.farmaciaceccarelli.com\/salute\/wp-content\/uploads\/sites\/3\/2016\/12\/dermocosmesi.jpg\" alt=\"dermocosmesi\" width=\"309\" height=\"176\" \/><\/p>\n<p>Poggi sul mercato \u00e8 presente una <b>vastissima<\/b> <b>gamma<\/b> di marchi e prodotti dermocosmetici. Quelli che trattiamo noi (6\/7 aziende importanti) sono quelle delle quali le nostre esperte dell settore, sig.ra Cristina e sig.ra Fiorella, \u00a0si fidano di pi\u00f9 avendole provate testate e consigliate da tanti anni. Vastissima gamma di prodotti viso e corpo per uomo donna e bimbo, linee trucco per pelli super sensibili con svariate tipologie e nuances. Saremo lieti di avervi ospiti per una prova trucco o un mini <b>trattamento gratuito viso\/corpo<\/b>.<\/p>\n<p>&nbsp;[\/vc_column_text][\/vc_column][\/vc_row][vc_row full_width_row=&#8221;true&#8221; el_class=&#8221;backgroundsalute&#8221;][vc_column width=&#8221;1\/2&#8243;][vc_column_text]<\/p>\n<h2>Scopri i vantaggi della Fidelity Card<\/h2>\n<p>Una nuova formula studiata dalla Farmacia Ceccarelli permette a tutti i clienti di fare acquisti e di accumulare punti giorno per giorno, ad ogni spesa effettuata; punti fedelt\u00e0 che si trasformeranno in sconti, ovvero in buoni acquisto da usufruire sui prodotti e servizi. La Farmacia Ceccarelli \u00e8 sempre alla ricerca di nuove iniziative che possano dare beneficio alle persone e di offrire nuovi servizi alla propria clientela.[\/vc_column_text][vc_btn title=&#8221;Scopri i dettagli&#8221; style=&#8221;custom&#8221; custom_background=&#8221;#009c73&#8243; custom_text=&#8221;#ffffff&#8221; size=&#8221;lg&#8221; link=&#8221;url:http%3A%2F%2Fdot4all.it%2Ffceccarelli%2Fbenessere%2Ffidelity-card%2F|title:Fidelity%20Card|target:%20_blank|&#8221;][\/vc_column][vc_column width=&#8221;1\/2&#8243; css=&#8221;.vc_custom_1481641253454{background-image: url(http:\/\/www.farmaciaceccarelli.com\/salute\/wp-content\/uploads\/sites\/3\/2014\/03\/Gift-Card-@2x.png?id=15109) !important;}&#8221; el_class=&#8221;fidelityback&#8221;][vc_column_text]<\/p>\n<p style=\"text-align: right\"><span style=\"color: #777777\"><em>Sapevi che la Fidelity Card pu\u00f2 diventare un raffinato regalo per le persone che ami?<\/em><\/span><\/p>\n<p>[\/vc_column_text][\/vc_column][\/vc_row][vc_row full_width_row=&#8221;true&#8221; el_class=&#8221;fcmaprow&#8221;][vc_column][vc_gmaps link=&#8221;#E-8_JTNDaWZyYW1lJTIwc3JjJTNEJTIyaHR0cHMlM0ElMkYlMkZ3d3cuZ29vZ2xlLmNvbSUyRm1hcHMlMkZlbWJlZCUzRnBiJTNEJTIxMW0xOCUyMTFtMTIlMjExbTMlMjExZDI5NjguMjQzNTgxODE2MzgzNSUyMTJkMTIuNTY0ODE2MTE2MTcwNTE1JTIxM2Q0MS45MzA2MTY5NzkyMTgxNCUyMTJtMyUyMTFmMCUyMTJmMCUyMTNmMCUyMTNtMiUyMTFpMTAyNCUyMTJpNzY4JTIxNGYxMy4xJTIxM20zJTIxM20yJTIxMXNpdCUyMTJzaXQlMjE0djE0ODExMjYwMzI4NjUlMjIlMjB3aWR0aCUzRCUyMjYwMCUyMiUyMGhlaWdodCUzRCUyMjQ1MCUyMiUyMGZyYW1lYm9yZGVyJTNEJTIyMCUyMiUyMHN0eWxlJTNEJTIyYm9yZGVyJTNBMCUyMiUyMGFsbG93ZnVsbHNjcmVlbiUzRSUzQyUyRmlmcmFtZSUzRQ==&#8221; size=&#8221;100%&#8221;][\/vc_column][\/vc_row][vc_row][vc_column][vc_message message_box_style=&#8221;solid&#8221; style=&#8221;square&#8221; message_box_color=&#8221;white&#8221; el_class=&#8221;contactfcbox&#8221;]<\/p>\n<h2>Contatti<\/h2>\n<p><i class=\"fa fa-map-marker\"><\/i> Via BartoloLongo7<\/p>\n<p><i class=\"fa fa-phone-square\"><\/i> 064112728<\/p>\n<p><i class=\"fa fa-whatsapp\"><\/i> 3928554000<\/p>\n<p><i class=\"fa fa-envelope\"><\/i> info@farmaciaceccarelli.com[\/vc_message][vc_message message_box_style=&#8221;solid&#8221; style=&#8221;square&#8221; message_box_color=&#8221;white&#8221; el_class=&#8221;metafcbox&#8221;]<\/p>\n<h2>Orari<\/h2>\n<p><i class=\"fa fa-map-marker\"><\/i> Lunedi-Venerdi, 7:00 &#8211; 20:00<br \/>\nSabato, 8:00 &#8211; 20:00[\/vc_message][\/vc_column][\/vc_row]<\/p>\n","protected":false},"excerpt":{"rendered":"<p>[vc_row el_class=&#8221;fcnopaddingblock&#8221;][vc_column][vc_column_text]I rimedi utilizzati oggi per ripristinare mantenere e conservare lo stato di salute e di benessere sono svariatissimi. Questo&hellip;<\/p>\n","protected":false},"author":1,"featured_media":0,"parent":0,"menu_order":3,"comment_status":"closed","ping_status":"closed","template":"","meta":[],"_links":{"self":[{"href":"http:\/\/www.farmaciaceccarelli.com\/salute\/wp-json\/wp\/v2\/pages\/14817"}],"collection":[{"href":"http:\/\/www.farmaciaceccarelli.com\/salute\/wp-json\/wp\/v2\/pages"}],"about":[{"href":"http:\/\/www.farmaciaceccarelli.com\/salute\/wp-json\/wp\/v2\/types\/page"}],"author":[{"embeddable":true,"href":"http:\/\/www.farmaciaceccarelli.com\/salute\/wp-json\/wp\/v2\/users\/1"}],"replies":[{"embeddable":true,"href":"http:\/\/www.farmaciaceccarelli.com\/salute\/wp-json\/wp\/v2\/comments?post=14817"}],"version-history":[{"count":17,"href":"http:\/\/www.farmaciaceccarelli.com\/salute\/wp-json\/wp\/v2\/pages\/14817\/revisions"}],"predecessor-version":[{"id":15560,"href":"http:\/\/www.farmaciaceccarelli.com\/salute\/wp-json\/wp\/v2\/pages\/14817\/revisions\/15560"}],"wp:attachment":[{"href":"http:\/\/www.farmaciaceccarelli.com\/salute\/wp-json\/wp\/v2\/media?parent=14817"}],"curies":[{"name":"wp","href":"https:\/\/api.w.org\/{rel}","templated":true}]}}